{"id":362,"date":"2023-10-10T09:18:38","date_gmt":"2023-10-10T09:18:38","guid":{"rendered":"https:\/\/staging.acapulcobeach.info\/?page_id=362"},"modified":"2024-01-25T10:09:40","modified_gmt":"2024-01-25T10:09:40","slug":"privacy-policy","status":"publish","type":"page","link":"https:\/\/acapulcobeach.info\/de\/privacy-policy\/","title":{"rendered":"Privacy Policy"},"content":{"rendered":"\n<p>Wir informieren Sie<\/p>\n\n\n\n<p>gem\u00e4\u00df Art. 13 des DSGVO 2016\/679 (in der Folge: \u201e<strong>DSGVO<\/strong>\u201c), dass bei der Erfassung von Sie betreffenden personenbezogenen Daten die Verarbeitung dem Grundsatz der Richtigkeit, Rechtm\u00e4\u00dfigkeit und Transparenz unterliegt, wobei Ihre Privatsph\u00e4re und Ihre Rechte gewahrt werden.<\/p>\n\n\n\n<ol>\n<li><strong>Unsere Organisation<\/strong>&nbsp;\u00fcbernimmt als Rechtsperson&nbsp;<strong>eine Doppelrolle als Verantwortlicher der Datenverarbeitung und Auftragsverarbeiter.<\/strong><\/li>\n\n\n\n<li>Der Verantwortliche und Auftragsverarbeiter (siehe Kontaktdaten auf der letzten Seite) hat nach der internen Beurteilung des Falles keinen Datenschutzbeauftragten benannt, da er gem\u00e4\u00df Art. 37, Absatz 1 des DSGVO 2016\/679 nicht dazu verpflichtet ist.<\/li>\n<\/ol>\n\n\n\n<p><strong>Die Verarbeitung Ihrer Daten erfolgt<\/strong><\/p>\n\n\n\n<p><strong><em>c\/i)&nbsp;<\/em><\/strong>gem\u00e4\u00df Art. 6, Buchstaben b) und c), zur Erf\u00fcllung eines Vertrags oder zur Durchf\u00fchrung vorvertraglicher Ma\u00dfnahmen und zur Erf\u00fcllung rechtlicher Verpflichtungen, denen der Verantwortliche unterliegt, wie z. B.<em>&nbsp;die Verarbeitung von Daten, die f\u00fcr die Bearbeitung von Anfragen, Kostenvoranschl\u00e4gen und Buchungen erforderlich sind, sowie die Erf\u00fcllung s\u00e4mtlicher vorvertraglicher, buchhalterischen und steuerrechtlichen Verpflichtungen, die Bearbeitung von Zahlungen auch mit Kreditkarte, POS und modernen Online-Diensten, die von den jeweiligen Kreditinstituten oder Agenturen verwaltet werden, und die Bearbeitung von Streitsachen.&nbsp;<\/em>Au\u00dferdem werden die Daten zur Erf\u00fcllung s\u00e4mtlicher gesetzlich vorgesehener Verpflichtungen verarbeitet<em>, wie z. B. Verordnungen, EU-Bestimmungen oder \u00f6rtliche Bestimmungen wie auch beh\u00f6rdliche Befehle und die Bearbeitung etwaiger Streitsachen.&nbsp;<\/em>Dar\u00fcber hinaus zur Wahrung von rechtm\u00e4\u00dfigen Interessen des Verantwortlichen oder eines Dritten zu den im DSGVO vorgesehenen Bedingungen.<\/p>\n\n\n\n<p><strong><em>c\/ii)&nbsp;<\/em><\/strong>gem\u00e4\u00df Art. 7 nach vorheriger, freiwillig erteilter Einwilligung zu anderen Dienstleistungs- und Marketingzwecken, wie z. B.:<em>&nbsp;erforderliche Datenverarbeitungen f\u00fcr die Zusendung von Werbeangeboten hinsichtlich unserer Serviceleistungen und anderer Events, Preisaktualisierungen, weitere erarbeitete Kostenvoranschl\u00e4ge sowie Mitteilungen bez\u00fcglich Gl\u00fcckw\u00fcnschen und Feiertagen. Auch zur Durchf\u00fchrung von zus\u00e4tzlichen Serviceleistungen, wie Mitteilungen von Daten hinsichtlich Ihres Aufenthalts an externe Personen zum ausschlie\u00dflichen Zweck, den Erhalt von an Sie adressierten Gegenst\u00e4nden, Nachrichten und Telefongespr\u00e4chen zu erlauben.<\/em><\/p>\n\n\n\n<p>Weiters zur Verarbeitung besonderer Kategorien von personenbezogenen Daten, um einen besseren G\u00e4steservice zu bieten,&nbsp;<em>z. B. Lebensmittelunvertr\u00e4glichkeiten, Allergien oder andere besondere Daten.<\/em><\/p>\n\n\n\n<p>Zur Verarbeitung von modernen Online-Diensten,&nbsp;<em>z. B. Anmeldung in unserem Betriebsprogramm, um Ihre E-Mail-Adresse zur Zusendung der Abrechnung, Quittung oder Rechnung, zu verwenden, zur Verwaltung der Treuepunkte oder andere \u00e4hnliche Serviceleistungen.<\/em><\/p>\n\n\n\n<p><strong><em>c\/iii)&nbsp;<\/em><\/strong>gem\u00e4\u00df Art. 7 nach vorheriger, freiwillig erteilter Einwilligung f\u00fcr weitere Zwecke, wie z. B.&nbsp;<em>erforderliche Datenverarbeitungen, um den LOGIN f\u00fcr unser \u00f6ffentliches WIFI\/WLAN-Netz durchzuf\u00fchren und im Internet zu surfen,&nbsp;<\/em>sowie erforderliche Datenverarbeitungen w\u00e4hrend der Benutzung unserer Unternehmenshomepage, deren \u00dcbertragung f\u00fcr die Anwendung der Internet-Kommunikationsprotokolle erforderlich ist. Diese Daten werden nicht erfasst, um sie identifizierten Personen zuzuordnen, k\u00f6nnten jedoch aufgrund ihrer Art durch Verarbeitung und Verkn\u00fcpfung mit Daten im Besitz von Dritten eine Identifizierung der Benutzer erm\u00f6glichen,&nbsp;<em>z. B. geh\u00f6ren zu dieser Datenkategorie die IP-Adressen oder Domain-Namen der Ger\u00e4te, die von den Besuchern f\u00fcr die Verbindung zur Website benutzt werden, die URI-Adressen der angeforderten Ressourcen, die Zeit der Anforderung, die zur \u00dcbermittlung der Anforderung an den Server benutzte Methode, die Gr\u00f6\u00dfe der als Antwort erhaltenen Datei, der den Status der vom Server gegebenen Antwort kennzeichnende Code und sonstige Parameter, die sich auf das Betriebssystem und die Computer-Konfiguration des Benutzers beziehen.<\/em><br>Die oben genannten Daten k\u00f6nnen nur f\u00fcr Zwecke anonymer statistischer Datenerfassung \u00fcber die Benutzung des \u00f6ffentlichen WIFI\/WLAN-Netzes und der Unternehmenshomepage verwendet werden,&nbsp;<em>z. B. zur \u00dcberpr\u00fcfung der korrekten Funktion unserer IT-Infrastruktur und zur Verbesserung der Serviceleistungen.<\/em><br>Diese Daten k\u00f6nnten ebenso von den zust\u00e4ndigen Beh\u00f6rden verwendet werden, z. B.<em>&nbsp;zur Feststellung einer Haftung im Falle eventueller IT-Delikte oder Sch\u00e4den an unserem WIFI\/WLAN-Netz, an unserem IT-System und an unserer Unternehmenshomepage.<\/em><\/p>\n\n\n\n<ol>\n<li><strong><em>d)&nbsp;<\/em><\/strong>gem\u00e4\u00df Art. 6, Absatz 1, Buchstabe f), unter Ber\u00fccksichtigung vern\u00fcnftiger Erwartungen der Parteien zur Wahrung der berechtigten Interessen des Verantwortlichen oder eines Dritten,&nbsp;<em>wie z. B. Daten zur Vermeidung von Betrug (\u00dcberwachung anwesender Personen, Aufzeichnung zutretender Personen, Bilder von Video\u00fcberwachung \u2026) und zum Zweck des direkten Marketings.<\/em><\/li>\n<\/ol>\n\n\n\n<p><strong><br>Empf\u00e4nger oder Kategorien von Empf\u00e4ngern Ihrer personenbezogenen Daten sind<\/strong><\/p>\n\n\n\n<ol>\n<li><strong><em>e)&nbsp;<\/em><\/strong>nat\u00fcrliche oder juristische Personen, \u00f6ffentliche Stellen, Mitarbeiter wie Angestellte, Fachleute, Dienstleistungserbringer, Einrichtungen und Vereinigungen.<\/li>\n<\/ol>\n\n\n\n<p><strong>Ihre personenbezogenen Daten k\u00f6nnen an ein Drittland oder an eine internationale Organisation \u00fcbermittelt werden.<\/strong><\/p>\n\n\n\n<ol>\n<li><strong><em>f)&nbsp;<\/em><\/strong>In \u00dcbereinstimmung der vorangegangenen Punkte werden Ihre Daten in Papierformat in den internen Archiven unserer Organisation oder bei Dritten verarbeitet, doch auch und vor allem werden sie \u00fcber Hostingdienste, Server und Cloud in elektronischer Form in unseren betriebsinternen oder in EU-internen Massenspeichern verarbeitet und aufbewahrt. Es bleibt jedenfalls vereinbart, dass der Verantwortliche das Recht hat, die Hosting-Server, Server und Cloud auch in Bereiche au\u00dferhalb der EU zu verlegen, wenn dies erforderlich ist. Ebenso versichert der Verantwortliche, dass die \u00dcbertragung der Daten in Bereiche au\u00dferhalb der EU in \u00dcbereinstimmung mit den anwendbaren gesetzlichen Bestimmungen erfolgt, nach vorheriger Vereinbarung der von der Europ\u00e4ischen Kommission vorgesehenen Standard-Vertragsklauseln.<\/li>\n<\/ol>\n\n\n\n<p><strong>Die Verarbeitung Ihrer Daten erfolgt fair und transparent,\u00a0<\/strong>anhand von Ma\u00dfnahmen der Erfassung, Registrierung, Organisation, Aufbewahrung, Konsultation, Ausarbeitung, \u00c4nderung, Auswahl, Ziehung, Gegen\u00fcberstellung, Verwendung, Verbindung, Sperrung, Kommunikation, L\u00f6schung und Zerst\u00f6rung der Daten. Ihre personenbezogenen Daten werden der Verarbeitung sowohl in Papierform als auch elektronisch und\/oder automatisiert unterzogen.<\/p>\n\n\n\n<p>Sie k\u00f6nnen nur f\u00fcr die in den vorangegangenen Punkten c\/i , c\/ii , c\/iii und d angegebenen Zwecken verarbeitet werden, auch von Angestellten und Mitarbeitern des Verantwortlichen der Datenverarbeitung oder anderen Einrichtungen mit Sitz in Italien und in anderen europ\u00e4ischen L\u00e4ndern, von Drittunternehmen oder anderen Stellen,<em>&nbsp;wie z. B. Kreditinstitute, Anwaltskanzleien, Versicherungsgesellschaften zur Erbringung von Versicherungsdiensten, Verwalter von IT- und Telefondiensten oder andere Stellen, die Dienste\/Produkte f\u00fcr den Verantwortlichen zur Verf\u00fcgung stellen, als externe Verantwortliche der Datenverarbeitung.&nbsp;<\/em>Sollten die personenbezogenen Daten nicht vom Betroffenen selbst mitgeteilt worden sein, liefert der Verantwortliche der Datenverarbeitung in Anwendung des Art. 14 DSGVO innerhalb eines Monats s\u00e4mtliche genaue Informationen zu diesem Umstand. Andernfalls gilt f\u00fcr Sie dieses Informationsschreiben.<\/p>\n\n\n\n<p><strong>Die Aufbewahrungszeit Ihrer personenbezogenen Daten ist festgelegt<\/strong><\/p>\n\n\n\n<ol>\n<li><strong><em>a)&nbsp;<\/em><\/strong>auf den Zeitraum, der f\u00fcr den oben genannten Verarbeitungszweck notwendig ist, und jedenfalls&nbsp;<strong>nicht l\u00e4nger als 10 Jahre&nbsp;<\/strong>ab dem Ende des Verh\u00e4ltnisses hinsichtlich des Zwecks des vorangegangenen Punktes c\/i und&nbsp;<strong>nicht l\u00e4nger als 2 Jahre&nbsp;<\/strong>ab der Datenerfassung hinsichtlich des Zwecks der vorangegangenen Punkte c\/ii,&nbsp;<em>c\/iii und d.<\/em><\/li>\n<\/ol>\n\n\n\n<p><strong>Als Betroffener k\u00f6nnen Sie durch Zusendung eines Einschreibens oder einer E-Mail an den Verantwortlichen der Datenverarbeitung die folgenden Rechte geltend machen.<\/strong><\/p>\n\n\n\n<ol>\n<li><strong><em>b) Auskunftsrecht<\/em><\/strong><strong>,<\/strong>&nbsp;gem\u00e4\u00df Art. 15 DSGVO, um eine Best\u00e4tigung dar\u00fcber zu erhalten, ob Sie betreffende personenbezogene Daten verarbeitet werden. Ist dies der Fall, so haben Sie ein Recht auf Auskunft \u00fcber diese personenbezogenen Daten und auf Informationen. Sollten weitere Kopien der personenbezogenen Daten beantragt werden, beh\u00e4lt sich der Verantwortliche der Datenverarbeitung und Auftragsbearbeiter das Recht vor, ein angemessenes Entgelt auf der Grundlage der Verwaltungskosten zu verlangen.<\/li>\n<\/ol>\n\n\n\n<p><strong>Recht auf Berichtigung<\/strong>, gem\u00e4\u00df Art. 16 DSGVO, um unverz\u00fcglich die Berichtigung Sie betreffender, unrichtiger, personenbezogener Daten zu erhalten.<\/p>\n\n\n\n<p><strong>Recht auf L\u00f6schung&nbsp;<\/strong>gem\u00e4\u00df Art. 17 DSGVO, um unverz\u00fcglich die L\u00f6schung Sie betreffender, personenbezogener Daten zu erhalten.<\/p>\n\n\n\n<p><strong>Recht auf Einschr\u00e4nkung der Datenverarbeitung<\/strong>&nbsp;gem\u00e4\u00df Art. 18 DSGVO, um die Einschr\u00e4nkung der Verarbeitung zu erhalten.<\/p>\n\n\n\n<p><strong>Recht auf Daten\u00fcbertragbarkeit&nbsp;<\/strong>gem\u00e4\u00df Art. 20 DSGVO, um in einem strukturierten Format die Sie betreffenden personenbezogenen Daten zu erhalten, die einem Verantwortlichen der Datenverarbeitung bereitgestellt wurden, und um diese Daten einem anderen Verantwortlichen ohne Behinderung durch den Verantwortlichen zu \u00fcbermitteln.<\/p>\n\n\n\n<p><strong>Recht auf Widerspruch<\/strong>&nbsp;gem\u00e4\u00df Art. 21 DSGVO, um jederzeit gegen die Verarbeitung Sie betreffender personenbezogener Daten gem\u00e4\u00df Art. 6, Absatz 1, Buchstaben e) oder f) Widerspruch einzulegen. Dies gilt auch f\u00fcr ein auf diese Bestimmungen gest\u00fctztes Profiling.<\/p>\n\n\n\n<ol>\n<li><strong><em>c)&nbsp;<\/em><\/strong><strong>Recht auf Widerruf der Einwilligung<\/strong>&nbsp;in von der DSGVO vorgesehenen F\u00e4llen, jederzeit, ohne die Rechtm\u00e4\u00dfigkeit der Verarbeitung zu beeintr\u00e4chtigen, der vor dem Widerruf zugestimmt wurde.<\/li>\n\n\n\n<li><strong><em>d)&nbsp;<\/em><\/strong><strong>Recht auf Beschwerde bei der Aufsichtsbeh\u00f6rde,<\/strong>&nbsp;in ITALIEN bei Garante della Privacy PIAZZA DI MONTE CITORIO n. 121 00186 ROMA E-Mail&nbsp;<a href=\"mailto:garante@gpdp.it\"><strong><em>garante@gpdp.it<\/em><\/strong><\/a><\/li>\n\n\n\n<li><strong><em>e)&nbsp;<\/em><\/strong><strong>Art der Daten\u00fcbermittlung und Folgen einer Antwortverweigerung<\/strong><\/li>\n<\/ol>\n\n\n\n<p>Die \u00dcbermittlung der Daten f\u00fcr den im vorangegangenen Punkt c\/i angef\u00fchrten Zweck ist&nbsp;<strong>unbedingt erforderlich<\/strong>. So ist ebenfalls unter Ber\u00fccksichtigung der im vorangegangenen Punkt&nbsp;<em>d<\/em>&nbsp;angef\u00fchrten rechtm\u00e4\u00dfigen Zwecke die \u00dcbermittlung zu bewilligen. Bei nicht vorhandenen Daten kann unser Unternehmen nicht die Erbringung der Dienstleistungen sowie die Erf\u00fcllung Ihrer Erwartungen garantieren. Ohne eine ausdr\u00fcckliche Zustimmung kann die Verarbeitung dieser Daten von den Beh\u00f6rden durchgef\u00fchrt werden, sowie von der Versicherungsgesellschaft zur Erbringung von Versicherungsdiensten, von Anwaltskanzleien, auch f\u00fcr die Bearbeitung von Streitsachen. Die Daten k\u00f6nnen auch an die Stellen \u00fcbertragen werden, an die die Mitteilung zur Durchf\u00fchrung der genannten Zwecke gesetzlich verpflichtend ist. Diese Stellen verarbeiten die Daten als unabh\u00e4ngige Verantwortliche der Datenverarbeitung. Ihre Daten werden nicht \u00fcbertragen. Die Mitteilung der Daten zu den in den vorangegangenen Punkten&nbsp;<em>c\/ii<\/em>&nbsp;e&nbsp;<em>c\/iii&nbsp;<\/em>angef\u00fchrten Zwecken ist<strong>&nbsp;hingegen freiwillig<\/strong>. Sie k\u00f6nnen somit beschlie\u00dfen, keine Daten mitzuteilen oder sp\u00e4ter die Verarbeitung bereits mitgeteilter Daten abzulehnen: In diesem Fall erhalten Sie keine Newsletter, Handelsmitteilungen und Werbematerial hinsichtlich angebotener Serviceleistungen und k\u00f6nnen nicht die Internetverbindung \u00fcber unser \u00f6ffentliches WIFI\/WLAN-Netz sowie mehrere moderne und auf unserer Unternehmenshomepage vorhandene Serviceleistungen nutzen. Sie haben jedoch weiterhin das Recht auf die unter&nbsp;<em>c\/i<\/em>&nbsp;angef\u00fchrten Serviceleistungen.<\/p>\n\n\n\n<ol>\n<li><strong><em>f)&nbsp;<\/em><\/strong><strong>Sie haben das Recht, keiner Entscheidung unterzogen zu werden, die sich ausschlie\u00dflich auf die automatisierte Verarbeitung st\u00fctzt,<\/strong><\/li>\n<\/ol>\n\n\n\n<p>welche in den vorangegangenen Punkten c\/ii und c\/iii angef\u00fchrt wurden, einschlie\u00dflich Profiling, die Sie betreffende rechtliche Folgen hat oder sich \u00e4hnlich bedeutend auf Sie auswirkt. Daher kann der Betroffene beschlie\u00dfen, Mitteilungen nur auf traditionelle Arten zu erhalten oder nur automatisierte Mitteilungen oder keine der beiden Mitteilungsarten.<\/p>\n\n\n\n<p>Datum 25\/05\/2018<\/p>\n\n\n\n<p>Hotel Acapulco Beach Luma Snc di Lucchetta Eva &amp; C. Via Verdi, 31 \u2013 30016 Jesolo (VE) www.acapulcobeach.info info@acapulcobeach.info tel.0421 971689<\/p>\n","protected":false},"excerpt":{"rendered":"<p>Wir informieren Sie gem\u00e4\u00df Art. 13 des DSGVO 2016\/679 (in der Folge: \u201eDSGVO\u201c), dass bei der Erfassung von Sie betreffenden personenbezogenen Daten die Verarbeitung dem Grundsatz der Richtigkeit, Rechtm\u00e4\u00dfigkeit und Transparenz unterliegt, wobei Ihre Privatsph\u00e4re und Ihre Rechte gewahrt werden. Die Verarbeitung Ihrer Daten erfolgt c\/i)&nbsp;gem\u00e4\u00df Art. 6, Buchstaben b) und c), zur Erf\u00fcllung eines [&hellip;]<\/p>\n","protected":false},"author":1,"featured_media":0,"parent":0,"menu_order":0,"comment_status":"closed","ping_status":"closed","template":"","meta":{"_acf_changed":false,"footnotes":""},"acf":[],"yoast_head":"<!-- This site is optimized with the Yoast SEO plugin v21.9 - https:\/\/yoast.com\/wordpress\/plugins\/seo\/ -->\n<title>Privacy Policy - Acapulco Beach - Hotel 3 stelle Jesolo<\/title>\n<meta name=\"robots\" content=\"noindex, follow\" \/>\n<meta property=\"og:locale\" content=\"de_DE\" \/>\n<meta property=\"og:type\" content=\"article\" \/>\n<meta property=\"og:title\" content=\"Privacy Policy - Acapulco Beach - Hotel 3 stelle Jesolo\" \/>\n<meta property=\"og:description\" content=\"Wir informieren Sie gem\u00e4\u00df Art. 13 des DSGVO 2016\/679 (in der Folge: \u201eDSGVO\u201c), dass bei der Erfassung von Sie betreffenden personenbezogenen Daten die Verarbeitung dem Grundsatz der Richtigkeit, Rechtm\u00e4\u00dfigkeit und Transparenz unterliegt, wobei Ihre Privatsph\u00e4re und Ihre Rechte gewahrt werden. Die Verarbeitung Ihrer Daten erfolgt c\/i)&nbsp;gem\u00e4\u00df Art. 6, Buchstaben b) und c), zur Erf\u00fcllung eines [&hellip;]\" \/>\n<meta property=\"og:url\" content=\"https:\/\/acapulcobeach.info\/de\/privacy-policy\/\" \/>\n<meta property=\"og:site_name\" content=\"Acapulco Beach - Hotel 3 stelle Jesolo\" \/>\n<meta property=\"article:publisher\" content=\"https:\/\/www.facebook.com\/HotelAcapulcoBeach\" \/>\n<meta property=\"article:modified_time\" content=\"2024-01-25T10:09:40+00:00\" \/>\n<meta name=\"twitter:card\" content=\"summary_large_image\" \/>\n<meta name=\"twitter:label1\" content=\"Gesch\u00e4tzte Lesezeit\" \/>\n\t<meta name=\"twitter:data1\" content=\"9 Minuten\" \/>\n<script type=\"application\/ld+json\" class=\"yoast-schema-graph\">{\"@context\":\"https:\/\/schema.org\",\"@graph\":[{\"@type\":\"WebPage\",\"@id\":\"https:\/\/acapulcobeach.info\/de\/privacy-policy\/\",\"url\":\"https:\/\/acapulcobeach.info\/de\/privacy-policy\/\",\"name\":\"Privacy Policy - Acapulco Beach - Hotel 3 stelle Jesolo\",\"isPartOf\":{\"@id\":\"https:\/\/acapulcobeach.info\/de\/#website\"},\"datePublished\":\"2023-10-10T09:18:38+00:00\",\"dateModified\":\"2024-01-25T10:09:40+00:00\",\"breadcrumb\":{\"@id\":\"https:\/\/acapulcobeach.info\/de\/privacy-policy\/#breadcrumb\"},\"inLanguage\":\"de-DE\",\"potentialAction\":[{\"@type\":\"ReadAction\",\"target\":[\"https:\/\/acapulcobeach.info\/de\/privacy-policy\/\"]}]},{\"@type\":\"BreadcrumbList\",\"@id\":\"https:\/\/acapulcobeach.info\/de\/privacy-policy\/#breadcrumb\",\"itemListElement\":[{\"@type\":\"ListItem\",\"position\":1,\"name\":\"Home\",\"item\":\"https:\/\/acapulcobeach.info\/de\/\"},{\"@type\":\"ListItem\",\"position\":2,\"name\":\"Privacy Policy\"}]},{\"@type\":\"WebSite\",\"@id\":\"https:\/\/acapulcobeach.info\/de\/#website\",\"url\":\"https:\/\/acapulcobeach.info\/de\/\",\"name\":\"Acapulco Beach - Hotel 3 stelle Jesolo\",\"description\":\"Sito Ufficiale miglior prezzo\",\"publisher\":{\"@id\":\"https:\/\/acapulcobeach.info\/de\/#organization\"},\"potentialAction\":[{\"@type\":\"SearchAction\",\"target\":{\"@type\":\"EntryPoint\",\"urlTemplate\":\"https:\/\/acapulcobeach.info\/de\/?s={search_term_string}\"},\"query-input\":\"required name=search_term_string\"}],\"inLanguage\":\"de-DE\"},{\"@type\":\"Organization\",\"@id\":\"https:\/\/acapulcobeach.info\/de\/#organization\",\"name\":\"Acapulco Beach - Hotel 3 stelle Jesolo\",\"url\":\"https:\/\/acapulcobeach.info\/de\/\",\"logo\":{\"@type\":\"ImageObject\",\"inLanguage\":\"de-DE\",\"@id\":\"https:\/\/acapulcobeach.info\/de\/#\/schema\/logo\/image\/\",\"url\":\"https:\/\/acapulcobeach.info\/wp-content\/uploads\/2023\/11\/Acapulco-sv.svg\",\"contentUrl\":\"https:\/\/acapulcobeach.info\/wp-content\/uploads\/2023\/11\/Acapulco-sv.svg\",\"caption\":\"Acapulco Beach - Hotel 3 stelle Jesolo\"},\"image\":{\"@id\":\"https:\/\/acapulcobeach.info\/de\/#\/schema\/logo\/image\/\"},\"sameAs\":[\"https:\/\/www.facebook.com\/HotelAcapulcoBeach\"]}]}<\/script>\n<!-- \/ Yoast SEO plugin. -->","yoast_head_json":{"title":"Privacy Policy - Acapulco Beach - Hotel 3 stelle Jesolo","robots":{"index":"noindex","follow":"follow"},"og_locale":"de_DE","og_type":"article","og_title":"Privacy Policy - Acapulco Beach - Hotel 3 stelle Jesolo","og_description":"Wir informieren Sie gem\u00e4\u00df Art. 13 des DSGVO 2016\/679 (in der Folge: \u201eDSGVO\u201c), dass bei der Erfassung von Sie betreffenden personenbezogenen Daten die Verarbeitung dem Grundsatz der Richtigkeit, Rechtm\u00e4\u00dfigkeit und Transparenz unterliegt, wobei Ihre Privatsph\u00e4re und Ihre Rechte gewahrt werden. Die Verarbeitung Ihrer Daten erfolgt c\/i)&nbsp;gem\u00e4\u00df Art. 6, Buchstaben b) und c), zur Erf\u00fcllung eines [&hellip;]","og_url":"https:\/\/acapulcobeach.info\/de\/privacy-policy\/","og_site_name":"Acapulco Beach - Hotel 3 stelle Jesolo","article_publisher":"https:\/\/www.facebook.com\/HotelAcapulcoBeach","article_modified_time":"2024-01-25T10:09:40+00:00","twitter_card":"summary_large_image","twitter_misc":{"Gesch\u00e4tzte Lesezeit":"9 Minuten"},"schema":{"@context":"https:\/\/schema.org","@graph":[{"@type":"WebPage","@id":"https:\/\/acapulcobeach.info\/de\/privacy-policy\/","url":"https:\/\/acapulcobeach.info\/de\/privacy-policy\/","name":"Privacy Policy - Acapulco Beach - Hotel 3 stelle Jesolo","isPartOf":{"@id":"https:\/\/acapulcobeach.info\/de\/#website"},"datePublished":"2023-10-10T09:18:38+00:00","dateModified":"2024-01-25T10:09:40+00:00","breadcrumb":{"@id":"https:\/\/acapulcobeach.info\/de\/privacy-policy\/#breadcrumb"},"inLanguage":"de-DE","potentialAction":[{"@type":"ReadAction","target":["https:\/\/acapulcobeach.info\/de\/privacy-policy\/"]}]},{"@type":"BreadcrumbList","@id":"https:\/\/acapulcobeach.info\/de\/privacy-policy\/#breadcrumb","itemListElement":[{"@type":"ListItem","position":1,"name":"Home","item":"https:\/\/acapulcobeach.info\/de\/"},{"@type":"ListItem","position":2,"name":"Privacy Policy"}]},{"@type":"WebSite","@id":"https:\/\/acapulcobeach.info\/de\/#website","url":"https:\/\/acapulcobeach.info\/de\/","name":"Acapulco Beach - Hotel 3 stelle Jesolo","description":"Sito Ufficiale miglior prezzo","publisher":{"@id":"https:\/\/acapulcobeach.info\/de\/#organization"},"potentialAction":[{"@type":"SearchAction","target":{"@type":"EntryPoint","urlTemplate":"https:\/\/acapulcobeach.info\/de\/?s={search_term_string}"},"query-input":"required name=search_term_string"}],"inLanguage":"de-DE"},{"@type":"Organization","@id":"https:\/\/acapulcobeach.info\/de\/#organization","name":"Acapulco Beach - Hotel 3 stelle Jesolo","url":"https:\/\/acapulcobeach.info\/de\/","logo":{"@type":"ImageObject","inLanguage":"de-DE","@id":"https:\/\/acapulcobeach.info\/de\/#\/schema\/logo\/image\/","url":"https:\/\/acapulcobeach.info\/wp-content\/uploads\/2023\/11\/Acapulco-sv.svg","contentUrl":"https:\/\/acapulcobeach.info\/wp-content\/uploads\/2023\/11\/Acapulco-sv.svg","caption":"Acapulco Beach - Hotel 3 stelle Jesolo"},"image":{"@id":"https:\/\/acapulcobeach.info\/de\/#\/schema\/logo\/image\/"},"sameAs":["https:\/\/www.facebook.com\/HotelAcapulcoBeach"]}]}},"_links":{"self":[{"href":"https:\/\/acapulcobeach.info\/de\/wp-json\/wp\/v2\/pages\/362"}],"collection":[{"href":"https:\/\/acapulcobeach.info\/de\/wp-json\/wp\/v2\/pages"}],"about":[{"href":"https:\/\/acapulcobeach.info\/de\/wp-json\/wp\/v2\/types\/page"}],"author":[{"embeddable":true,"href":"https:\/\/acapulcobeach.info\/de\/wp-json\/wp\/v2\/users\/1"}],"replies":[{"embeddable":true,"href":"https:\/\/acapulcobeach.info\/de\/wp-json\/wp\/v2\/comments?post=362"}],"version-history":[{"count":1,"href":"https:\/\/acapulcobeach.info\/de\/wp-json\/wp\/v2\/pages\/362\/revisions"}],"predecessor-version":[{"id":1043,"href":"https:\/\/acapulcobeach.info\/de\/wp-json\/wp\/v2\/pages\/362\/revisions\/1043"}],"wp:attachment":[{"href":"https:\/\/acapulcobeach.info\/de\/wp-json\/wp\/v2\/media?parent=362"}],"curies":[{"name":"wp","href":"https:\/\/api.w.org\/{rel}","templated":true}]}}